{"id":2404,"date":"2018-03-13T14:05:49","date_gmt":"2018-03-13T13:05:49","guid":{"rendered":"http:\/\/acidstudio.it\/home\/privacy-policy\/"},"modified":"2018-03-13T14:22:24","modified_gmt":"2018-03-13T13:22:24","slug":"privacy-policy","status":"publish","type":"page","link":"https:\/\/acidstudio.it\/home\/privacy-policy\/","title":{"rendered":"Privacy Policy"},"content":{"rendered":"\n<style type=\"text\/css\" data-created_by=\"avia_inline_auto\" id=\"style-css-av-av_heading-a2022f776106e47c1b4219e990b59699\">\n#top .av-special-heading.av-av_heading-a2022f776106e47c1b4219e990b59699{\npadding-bottom:10px;\n}\nbody .av-special-heading.av-av_heading-a2022f776106e47c1b4219e990b59699 .av-special-heading-tag .heading-char{\nfont-size:25px;\n}\n.av-special-heading.av-av_heading-a2022f776106e47c1b4219e990b59699 .av-subheading{\nfont-size:15px;\n}\n<\/style>\n<div  class='av-special-heading av-av_heading-a2022f776106e47c1b4219e990b59699 av-special-heading-h3  avia-builder-el-0  el_before_av_textblock  avia-builder-el-first '><h3 class='av-special-heading-tag '  itemprop=\"headline\"  >Privacy Policy<\/h3><div class=\"special-heading-border\"><div class=\"special-heading-inner-border\"><\/div><\/div><\/div>\n<section  class='av_textblock_section av-av_textblock-2de302bf1aa3cf4c9157dbe6f50ac7eb '   itemscope=\"itemscope\" itemtype=\"https:\/\/schema.org\/CreativeWork\" ><div class='avia_textblock'  itemprop=\"text\" ><p>Il sito e servizi di terzi, utilizzano sia cookie proprietari sia cookie di terze parti per l\u2019utilizzo di servizi di statistica\/monitoraggio.<br \/>\nQuesto sito web utilizza Google Analytics, servizio di statistica ed analisi fornito da Google.<br \/>\nGoogle Analytics utilizza dei \u201ccookies\u201d; un cookie \u00e8 un breve testo inviato al tuo browser da un sito web visitato. Consente al sito di memorizzare informazioni sulla tua visita, come la tua lingua preferita e altre impostazioni. Ci\u00f2 pu\u00f2 facilitare la tua visita successiva e aumentare l\u2019utilit\u00e0 del sito a tuo favore. I cookie svolgono un ruolo importante. Senza di essi, l\u2019utilizzo del Web sarebbe un\u2019esperienza molto pi\u00f9 frustrante.<br \/>\nLe informazioni generate dal cookie sull\u2019utilizzo del sito web verranno trasmesse e depositate presso i server di Google negli Stati Uniti.<br \/>\nGoogle utilizzer\u00e0 queste informazioni allo scopo di esaminare il Vostro utilizzo del sito web, compilare report sulle attivit\u00e0 del sito per gli operatori dello stesso e fornire altri servizi relativi alle attivit\u00e0 del sito web e all\u2019utilizzo di internet.<br \/>\nGoogle pu\u00f2 anche trasferire queste informazioni a terzi ove ci\u00f2 sia imposto dalla legge o laddove tali terzi trattino le suddette informazioni per conto di Google.<br \/>\nGoogle non assocer\u00e0 il vostro indirizzo IP a nessun altro dato posseduto da Google.<br \/>\nNel sito web vengono inoltre utilizzati i cookie per garantire il corretto funzionamento.<br \/>\nPotete rifiutarvi di usare i cookies selezionando l\u2019impostazione appropriata sul vostro browser o visitando la pagina Google dedicata alle funzioni di disattivazione attualmente disponibili, ma si prega di notare che se si fa questo non si pu\u00f2 essere in grado di utilizzare tutte le funzionalit\u00e0 di questo sito web.<br \/>\nUtilizzando il presente sito web, voi acconsentite al trattamento dei Vostri dati da parte di Google per le modalit\u00e0 ed i fini sopraindicati.<\/p>\n<p>Puoi visitare la pagina <a href=\"https:\/\/www.google.com\/intl\/it_ALL\/analytics\/learn\/privacy.html\">Privacy<\/a> direttamente dal sito di Google Analytics per saperne di pi\u00fa.<\/p>\n<\/div><\/section>\n","protected":false},"excerpt":{"rendered":"","protected":false},"author":5,"featured_media":0,"parent":0,"menu_order":0,"comment_status":"closed","ping_status":"closed","template":"","meta":{"footnotes":""},"class_list":["post-2404","page","type-page","status-publish","hentry"],"_links":{"self":[{"href":"https:\/\/acidstudio.it\/home\/wp-json\/wp\/v2\/pages\/2404","targetHints":{"allow":["GET"]}}],"collection":[{"href":"https:\/\/acidstudio.it\/home\/wp-json\/wp\/v2\/pages"}],"about":[{"href":"https:\/\/acidstudio.it\/home\/wp-json\/wp\/v2\/types\/page"}],"author":[{"embeddable":true,"href":"https:\/\/acidstudio.it\/home\/wp-json\/wp\/v2\/users\/5"}],"replies":[{"embeddable":true,"href":"https:\/\/acidstudio.it\/home\/wp-json\/wp\/v2\/comments?post=2404"}],"version-history":[{"count":1,"href":"https:\/\/acidstudio.it\/home\/wp-json\/wp\/v2\/pages\/2404\/revisions"}],"predecessor-version":[{"id":2735,"href":"https:\/\/acidstudio.it\/home\/wp-json\/wp\/v2\/pages\/2404\/revisions\/2735"}],"wp:attachment":[{"href":"https:\/\/acidstudio.it\/home\/wp-json\/wp\/v2\/media?parent=2404"}],"curies":[{"name":"wp","href":"https:\/\/api.w.org\/{rel}","templated":true}]}}